{"id":14,"date":"2020-06-25T08:11:59","date_gmt":"2020-06-25T13:11:59","guid":{"rendered":"https:\/\/themes.muffingroup.com\/be\/business3_el\/?page_id=14"},"modified":"2022-01-24T12:47:38","modified_gmt":"2022-01-24T17:47:38","slug":"contacto","status":"publish","type":"page","link":"https:\/\/pgnasesorias.com\/asesorias-contables\/contacto\/","title":{"rendered":"Contacto"},"content":{"rendered":"\t\t<div data-elementor-type=\"wp-page\" data-elementor-id=\"14\" class=\"elementor elementor-14\">\n\t\t\t\t\t\t<section class=\"elementor-section elementor-top-section elementor-element elementor-element-ca098ba elementor-section-stretched elementor-section-boxed elementor-section-height-default elementor-section-height-default\" data-id=\"ca098ba\" data-element_type=\"section\" data-settings=\"{&quot;stretch_section&quot;:&quot;section-stretched&quot;,&quot;background_background&quot;:&quot;classic&quot;}\">\n\t\t\t\t\t\t<div class=\"elementor-container elementor-column-gap-wider\">\n\t\t\t\t\t<div class=\"elementor-column elementor-col-50 elementor-top-column elementor-element elementor-element-c8abe27\" data-id=\"c8abe27\" data-element_type=\"column\">\n\t\t\t<div class=\"elementor-widget-wrap elementor-element-populated\">\n\t\t\t\t\t\t<div class=\"elementor-element elementor-element-35dd6ec elementor-widget elementor-widget-text-editor\" data-id=\"35dd6ec\" data-element_type=\"widget\" data-widget_type=\"text-editor.default\">\n\t\t\t\t<div class=\"elementor-widget-container\">\n\t\t\t\t\t\t\t\t\t<h6 style=\"color: #fff;\">CONTACTO<\/h6><h2 style=\"color: #fff;\">Sientete libre\u00a0<\/h2><h2 style=\"color: #fff;\">de Contactarnos<\/h2>\t\t\t\t\t\t\t\t<\/div>\n\t\t\t\t<\/div>\n\t\t\t\t\t<\/div>\n\t\t<\/div>\n\t\t\t\t<div class=\"elementor-column elementor-col-50 elementor-top-column elementor-element elementor-element-f81516a\" data-id=\"f81516a\" data-element_type=\"column\">\n\t\t\t<div class=\"elementor-widget-wrap\">\n\t\t\t\t\t\t\t<\/div>\n\t\t<\/div>\n\t\t\t\t\t<\/div>\n\t\t<\/section>\n\t\t\t\t<section class=\"elementor-section elementor-top-section elementor-element elementor-element-fcbd83f elementor-section-stretched elementor-section-boxed elementor-section-height-default elementor-section-height-default\" data-id=\"fcbd83f\" data-element_type=\"section\" data-settings=\"{&quot;stretch_section&quot;:&quot;section-stretched&quot;,&quot;background_background&quot;:&quot;classic&quot;}\">\n\t\t\t\t\t\t<div class=\"elementor-container elementor-column-gap-wider\">\n\t\t\t\t\t<div class=\"elementor-column elementor-col-100 elementor-top-column elementor-element elementor-element-4c96dc2\" data-id=\"4c96dc2\" data-element_type=\"column\">\n\t\t\t<div class=\"elementor-widget-wrap elementor-element-populated\">\n\t\t\t\t\t\t<div class=\"elementor-element elementor-element-1e1146e elementor-widget elementor-widget-text-editor\" data-id=\"1e1146e\" data-element_type=\"widget\" data-widget_type=\"text-editor.default\">\n\t\t\t\t<div class=\"elementor-widget-container\">\n\t\t\t\t\t\t\t\t\t<h6>ESCRIBENOS<\/h6><h2 style=\"color: #fff;\">C\u00f3mo te podemos ayudar<\/h2>\t\t\t\t\t\t\t\t<\/div>\n\t\t\t\t<\/div>\n\t\t\t\t<section class=\"elementor-section elementor-inner-section elementor-element elementor-element-b1ff6d1 elementor-section-boxed elementor-section-height-default elementor-section-height-default\" data-id=\"b1ff6d1\" data-element_type=\"section\">\n\t\t\t\t\t\t<div class=\"elementor-container elementor-column-gap-default\">\n\t\t\t\t\t<div class=\"elementor-column elementor-col-33 elementor-inner-column elementor-element elementor-element-3d8d663\" data-id=\"3d8d663\" data-element_type=\"column\">\n\t\t\t<div class=\"elementor-widget-wrap\">\n\t\t\t\t\t\t\t<\/div>\n\t\t<\/div>\n\t\t\t\t<div class=\"elementor-column elementor-col-33 elementor-inner-column elementor-element elementor-element-4c261b8\" data-id=\"4c261b8\" data-element_type=\"column\">\n\t\t\t<div class=\"elementor-widget-wrap elementor-element-populated\">\n\t\t\t\t\t\t<div class=\"elementor-element elementor-element-8bd9582 elementor-widget elementor-widget-shortcode\" data-id=\"8bd9582\" data-element_type=\"widget\" data-widget_type=\"shortcode.default\">\n\t\t\t\t<div class=\"elementor-widget-container\">\n\t\t\t\t\t\t\t<div class=\"elementor-shortcode\">\n<div class=\"wpcf7 no-js\" id=\"wpcf7-f25-o1\" lang=\"en-US\" dir=\"ltr\" data-wpcf7-id=\"25\">\n<div class=\"screen-reader-response\"><p role=\"status\" aria-live=\"polite\" aria-atomic=\"true\"><\/p> <ul><\/ul><\/div>\n<form action=\"\/asesorias-contables\/wp-json\/wp\/v2\/pages\/14#wpcf7-f25-o1\" method=\"post\" class=\"wpcf7-form init\" aria-label=\"Contact form\" novalidate=\"novalidate\" data-status=\"init\">\n<div style=\"display: none;\">\n<input type=\"hidden\" name=\"_wpcf7\" value=\"25\" \/>\n<input type=\"hidden\" name=\"_wpcf7_version\" value=\"6.0.6\" \/>\n<input type=\"hidden\" name=\"_wpcf7_locale\" value=\"en_US\" \/>\n<input type=\"hidden\" name=\"_wpcf7_unit_tag\" value=\"wpcf7-f25-o1\" \/>\n<input type=\"hidden\" name=\"_wpcf7_container_post\" value=\"0\" \/>\n<input type=\"hidden\" name=\"_wpcf7_posted_data_hash\" value=\"\" \/>\n<\/div>\n<div class=\"column one\">\n\t<p><label><span class=\"wpcf7-form-control-wrap\" data-name=\"your-name\"><input size=\"40\" maxlength=\"400\" class=\"wpcf7-form-control wpcf7-text wpcf7-validates-as-required\" aria-required=\"true\" aria-invalid=\"false\" placeholder=\"Nombre\" value=\"\" type=\"text\" name=\"your-name\" \/><\/span> <\/label>\n\t<\/p>\n<\/div>\n<div class=\"column one-second\">\n\t<p><label><span class=\"wpcf7-form-control-wrap\" data-name=\"your-email\"><input size=\"40\" maxlength=\"400\" class=\"wpcf7-form-control wpcf7-email wpcf7-validates-as-required wpcf7-text wpcf7-validates-as-email\" aria-required=\"true\" aria-invalid=\"false\" placeholder=\"Email\" value=\"\" type=\"email\" name=\"your-email\" \/><\/span><\/label>\n\t<\/p>\n<\/div>\n<div class=\"column one-second\">\n\t<p><label><span class=\"wpcf7-form-control-wrap\" data-name=\"your-subject\"><input size=\"40\" maxlength=\"400\" class=\"wpcf7-form-control wpcf7-text\" aria-invalid=\"false\" placeholder=\"Asunto\" value=\"\" type=\"text\" name=\"your-subject\" \/><\/span><\/label>\n\t<\/p>\n<\/div>\n<div class=\"column one\">\n\t<p><label><span class=\"wpcf7-form-control-wrap\" data-name=\"your-subject\"><input size=\"40\" maxlength=\"400\" class=\"wpcf7-form-control wpcf7-text\" aria-invalid=\"false\" placeholder=\"Detalles\" value=\"\" type=\"text\" name=\"your-subject\" \/><\/span><\/label>\n\t<\/p>\n<\/div>\n<div class=\"column one\">\n\t<p><label><span class=\"wpcf7-form-control-wrap\" data-name=\"your-message\"><textarea cols=\"40\" rows=\"10\" maxlength=\"2000\" class=\"wpcf7-form-control wpcf7-textarea\" aria-invalid=\"false\" placeholder=\"Mensaje\" name=\"your-message\"><\/textarea><\/span> <\/label>\n\t<\/p>\n<\/div>\n<div class=\"column one\">\n\t<p><input class=\"wpcf7-form-control wpcf7-submit has-spinner button_full_width\" type=\"submit\" value=\"Enviar Mensaje\" \/>\n\t<\/p>\n<\/div><div class=\"wpcf7-response-output\" aria-hidden=\"true\"><\/div>\n<\/form>\n<\/div>\n<\/div>\n\t\t\t\t\t\t<\/div>\n\t\t\t\t<\/div>\n\t\t\t\t\t<\/div>\n\t\t<\/div>\n\t\t\t\t<div class=\"elementor-column elementor-col-33 elementor-inner-column elementor-element elementor-element-7d59090\" data-id=\"7d59090\" data-element_type=\"column\">\n\t\t\t<div class=\"elementor-widget-wrap\">\n\t\t\t\t\t\t\t<\/div>\n\t\t<\/div>\n\t\t\t\t\t<\/div>\n\t\t<\/section>\n\t\t\t\t<section class=\"elementor-section elementor-inner-section elementor-element elementor-element-b0d3eaf elementor-section-boxed elementor-section-height-default elementor-section-height-default\" data-id=\"b0d3eaf\" data-element_type=\"section\">\n\t\t\t\t\t\t<div class=\"elementor-container elementor-column-gap-default\">\n\t\t\t\t\t<div class=\"elementor-column elementor-col-50 elementor-inner-column elementor-element elementor-element-f3d6049\" data-id=\"f3d6049\" data-element_type=\"column\">\n\t\t\t<div class=\"elementor-widget-wrap elementor-element-populated\">\n\t\t\t\t\t\t<div class=\"elementor-element elementor-element-d35fef4 elementor-widget elementor-widget-text-editor\" data-id=\"d35fef4\" data-element_type=\"widget\" data-widget_type=\"text-editor.default\">\n\t\t\t\t<div class=\"elementor-widget-container\">\n\t\t\t\t\t\t\t\t\t<h6>LLAMANOS<\/h6>\n<h3><span style=\"color: #ffffff;\">+57 322 9037 245<\/span><\/h3>\n<h3><span style=\"color: #ffffff;\">+57 310 4630 024<\/span><\/h3>\t\t\t\t\t\t\t\t<\/div>\n\t\t\t\t<\/div>\n\t\t\t\t\t<\/div>\n\t\t<\/div>\n\t\t\t\t<div class=\"elementor-column elementor-col-50 elementor-inner-column elementor-element elementor-element-b90669f\" data-id=\"b90669f\" data-element_type=\"column\">\n\t\t\t<div class=\"elementor-widget-wrap elementor-element-populated\">\n\t\t\t\t\t\t<div class=\"elementor-element elementor-element-c583e1c elementor-widget elementor-widget-text-editor\" data-id=\"c583e1c\" data-element_type=\"widget\" data-widget_type=\"text-editor.default\">\n\t\t\t\t<div class=\"elementor-widget-container\">\n\t\t\t\t\t\t\t\t\t<h6>E-MAIL<\/h6><h3><span style=\"color: #ffffff;\">info@<\/span><span style=\"color: #ffffff;\">pgnasesorias.com<\/span><\/h3>\t\t\t\t\t\t\t\t<\/div>\n\t\t\t\t<\/div>\n\t\t\t\t\t<\/div>\n\t\t<\/div>\n\t\t\t\t\t<\/div>\n\t\t<\/section>\n\t\t\t\t\t<\/div>\n\t\t<\/div>\n\t\t\t\t\t<\/div>\n\t\t<\/section>\n\t\t\t\t<section class=\"elementor-section elementor-top-section elementor-element elementor-element-470632c elementor-section-stretched elementor-section-content-middle elementor-section-boxed elementor-section-height-default elementor-section-height-default\" data-id=\"470632c\" data-element_type=\"section\" data-settings=\"{&quot;stretch_section&quot;:&quot;section-stretched&quot;}\">\n\t\t\t\t\t\t<div class=\"elementor-container elementor-column-gap-no\">\n\t\t\t\t\t<div class=\"elementor-column elementor-col-33 elementor-top-column elementor-element elementor-element-4e09168\" data-id=\"4e09168\" data-element_type=\"column\">\n\t\t\t<div class=\"elementor-widget-wrap elementor-element-populated\">\n\t\t\t\t\t\t<div class=\"elementor-element elementor-element-a4f1295 elementor-widget elementor-widget-text-editor\" data-id=\"a4f1295\" data-element_type=\"widget\" data-widget_type=\"text-editor.default\">\n\t\t\t\t<div class=\"elementor-widget-container\">\n\t\t\t\t\t\t\t\t\t<h3>Redes Sociales<\/h3>\t\t\t\t\t\t\t\t<\/div>\n\t\t\t\t<\/div>\n\t\t\t\t\t<\/div>\n\t\t<\/div>\n\t\t\t\t<div class=\"elementor-column elementor-col-33 elementor-top-column elementor-element elementor-element-2a36718\" data-id=\"2a36718\" data-element_type=\"column\">\n\t\t\t<div class=\"elementor-widget-wrap elementor-element-populated\">\n\t\t\t\t\t\t<div class=\"elementor-element elementor-element-613ecfd elementor-widget elementor-widget-text-editor\" data-id=\"613ecfd\" data-element_type=\"widget\" data-widget_type=\"text-editor.default\">\n\t\t\t\t<div class=\"elementor-widget-container\">\n\t\t\t\t\t\t\t\t\t<p>S\u00edguenos en nuestras redes sociales para que est\u00e9s actualizado de informaci\u00f3n importante para tu negocio.<\/p>\t\t\t\t\t\t\t\t<\/div>\n\t\t\t\t<\/div>\n\t\t\t\t\t<\/div>\n\t\t<\/div>\n\t\t\t\t<div class=\"elementor-column elementor-col-33 elementor-top-column elementor-element elementor-element-ae4419c\" data-id=\"ae4419c\" data-element_type=\"column\">\n\t\t\t<div class=\"elementor-widget-wrap elementor-element-populated\">\n\t\t\t\t\t\t<div class=\"elementor-element elementor-element-d45c403 elementor-shape-circle elementor-grid-0 e-grid-align-center elementor-widget elementor-widget-social-icons\" data-id=\"d45c403\" data-element_type=\"widget\" data-widget_type=\"social-icons.default\">\n\t\t\t\t<div class=\"elementor-widget-container\">\n\t\t\t\t\t\t\t<div class=\"elementor-social-icons-wrapper elementor-grid\">\n\t\t\t\t\t\t\t<span class=\"elementor-grid-item\">\n\t\t\t\t\t<a class=\"elementor-icon elementor-social-icon elementor-social-icon-facebook elementor-repeater-item-0764ceb\" href=\"https:\/\/www.facebook.com\/PGN-Asesor%C3%ADas-112683357250658\/\" target=\"_blank\">\n\t\t\t\t\t\t<span class=\"elementor-screen-only\">Facebook<\/span>\n\t\t\t\t\t\t<i class=\"fab fa-facebook\"><\/i>\t\t\t\t\t<\/a>\n\t\t\t\t<\/span>\n\t\t\t\t\t\t\t<span class=\"elementor-grid-item\">\n\t\t\t\t\t<a class=\"elementor-icon elementor-social-icon elementor-social-icon-instagram elementor-repeater-item-332509a\" href=\"https:\/\/www.instagram.com\/pgnasesorias\/\" target=\"_blank\">\n\t\t\t\t\t\t<span class=\"elementor-screen-only\">Instagram<\/span>\n\t\t\t\t\t\t<i class=\"fab fa-instagram\"><\/i>\t\t\t\t\t<\/a>\n\t\t\t\t<\/span>\n\t\t\t\t\t<\/div>\n\t\t\t\t\t\t<\/div>\n\t\t\t\t<\/div>\n\t\t\t\t\t<\/div>\n\t\t<\/div>\n\t\t\t\t\t<\/div>\n\t\t<\/section>\n\t\t\t\t<\/div>\n\t\t","protected":false},"excerpt":{"rendered":"<p>CONTACTO Sientete libre\u00a0 de Contactarnos ESCRIBENOS C\u00f3mo te podemos ayudar LLAMANOS +57 322 9037 245 +57 310 4630 024 E-MAIL info@pgnasesorias.com Redes Sociales S\u00edguenos en nuestras<span class=\"excerpt-hellip\"> [\u2026]<\/span><\/p>\n","protected":false},"author":2,"featured_media":0,"parent":0,"menu_order":0,"comment_status":"closed","ping_status":"closed","template":"","meta":{"footnotes":""},"class_list":["post-14","page","type-page","status-publish","hentry"],"yoast_head":"<!-- This site is optimized with the Yoast SEO plugin v24.9 - https:\/\/yoast.com\/wordpress\/plugins\/seo\/ -->\n<title>Contacto - PGN Asesor&iacute;as<\/title>\n<meta name=\"robots\" content=\"index, follow, max-snippet:-1, max-image-preview:large, max-video-preview:-1\" \/>\n<link rel=\"canonical\" href=\"https:\/\/pgnasesorias.com\/asesorias-contables\/contacto\/\" \/>\n<meta property=\"og:locale\" content=\"es_ES\" \/>\n<meta property=\"og:type\" content=\"article\" \/>\n<meta property=\"og:title\" content=\"Contacto - PGN Asesor&iacute;as\" \/>\n<meta property=\"og:description\" content=\"CONTACTO Sientete libre\u00a0 de Contactarnos ESCRIBENOS C\u00f3mo te podemos ayudar LLAMANOS +57 322 9037 245 +57 310 4630 024 E-MAIL info@pgnasesorias.com Redes Sociales S\u00edguenos en nuestras [\u2026]\" \/>\n<meta property=\"og:url\" content=\"https:\/\/pgnasesorias.com\/asesorias-contables\/contacto\/\" \/>\n<meta property=\"og:site_name\" content=\"PGN Asesor&iacute;as\" \/>\n<meta property=\"article:modified_time\" content=\"2022-01-24T17:47:38+00:00\" \/>\n<meta name=\"twitter:card\" content=\"summary_large_image\" \/>\n<meta name=\"twitter:label1\" content=\"Tiempo de lectura\" \/>\n\t<meta name=\"twitter:data1\" content=\"1 minuto\" \/>\n<script type=\"application\/ld+json\" class=\"yoast-schema-graph\">{\"@context\":\"https:\/\/schema.org\",\"@graph\":[{\"@type\":\"WebPage\",\"@id\":\"https:\/\/pgnasesorias.com\/asesorias-contables\/contacto\/\",\"url\":\"https:\/\/pgnasesorias.com\/asesorias-contables\/contacto\/\",\"name\":\"Contacto - PGN Asesor&iacute;as\",\"isPartOf\":{\"@id\":\"https:\/\/pgnasesorias.com\/asesorias-contables\/#website\"},\"datePublished\":\"2020-06-25T13:11:59+00:00\",\"dateModified\":\"2022-01-24T17:47:38+00:00\",\"breadcrumb\":{\"@id\":\"https:\/\/pgnasesorias.com\/asesorias-contables\/contacto\/#breadcrumb\"},\"inLanguage\":\"es\",\"potentialAction\":[{\"@type\":\"ReadAction\",\"target\":[\"https:\/\/pgnasesorias.com\/asesorias-contables\/contacto\/\"]}]},{\"@type\":\"BreadcrumbList\",\"@id\":\"https:\/\/pgnasesorias.com\/asesorias-contables\/contacto\/#breadcrumb\",\"itemListElement\":[{\"@type\":\"ListItem\",\"position\":1,\"name\":\"Portada\",\"item\":\"https:\/\/pgnasesorias.com\/asesorias-contables\/\"},{\"@type\":\"ListItem\",\"position\":2,\"name\":\"Contacto\"}]},{\"@type\":\"WebSite\",\"@id\":\"https:\/\/pgnasesorias.com\/asesorias-contables\/#website\",\"url\":\"https:\/\/pgnasesorias.com\/asesorias-contables\/\",\"name\":\"PGN Asesor&iacute;as\",\"description\":\"Contable - Tributaria - Financiera\",\"publisher\":{\"@id\":\"https:\/\/pgnasesorias.com\/asesorias-contables\/#organization\"},\"potentialAction\":[{\"@type\":\"SearchAction\",\"target\":{\"@type\":\"EntryPoint\",\"urlTemplate\":\"https:\/\/pgnasesorias.com\/asesorias-contables\/?s={search_term_string}\"},\"query-input\":{\"@type\":\"PropertyValueSpecification\",\"valueRequired\":true,\"valueName\":\"search_term_string\"}}],\"inLanguage\":\"es\"},{\"@type\":[\"Organization\",\"Place\"],\"@id\":\"https:\/\/pgnasesorias.com\/asesorias-contables\/#organization\",\"name\":\"PGN Asesor&iacute;as\",\"url\":\"https:\/\/pgnasesorias.com\/asesorias-contables\/\",\"logo\":{\"@type\":\"ImageObject\",\"inLanguage\":\"es\",\"@id\":\"https:\/\/pgnasesorias.com\/asesorias-contables\/#\/schema\/logo\/image\/\",\"url\":\"https:\/\/pgnasesorias.com\/asesorias-contables\/wp-content\/uploads\/2020\/09\/cropped-logo.png\",\"contentUrl\":\"https:\/\/pgnasesorias.com\/asesorias-contables\/wp-content\/uploads\/2020\/09\/cropped-logo.png\",\"width\":627,\"height\":480,\"caption\":\"PGN Asesor&iacute;as\"},\"image\":{\"@id\":\"https:\/\/pgnasesorias.com\/asesorias-contables\/#\/schema\/logo\/image\/\"},\"location\":{\"@id\":\"https:\/\/pgnasesorias.com\/asesorias-contables\/contacto\/#local-place\"},\"address\":{\"@id\":\"https:\/\/pgnasesorias.com\/asesorias-contables\/contacto\/#local-place-address\"}},{\"@type\":\"Place\",\"@id\":\"https:\/\/pgnasesorias.com\/asesorias-contables\/contacto\/#local-place\",\"address\":{\"@type\":\"PostalAddress\",\"@id\":\"https:\/\/pgnasesorias.com\/asesorias-contables\/contacto\/#local-place-address\",\"streetAddress\":\"\",\"addressLocality\":\"\",\"postalCode\":\"\",\"addressRegion\":\"\",\"addressCountry\":\"\"},\"geo\":{\"@type\":\"GeoCoordinates\",\"latitude\":\"\",\"longitude\":\"\"},\"openingHoursSpecification\":[{\"@type\":\"OpeningHoursSpecification\",\"dayOfWeek\":[\"Monday\",\"Tuesday\",\"Wednesday\",\"Thursday\",\"Friday\",\"Saturday\",\"Sunday\"],\"opens\":\"09:00\",\"closes\":\"17:00\"}]}]}<\/script>\n<!-- \/ Yoast SEO plugin. -->","yoast_head_json":{"title":"Contacto - PGN Asesor&iacute;as","robots":{"index":"index","follow":"follow","max-snippet":"max-snippet:-1","max-image-preview":"max-image-preview:large","max-video-preview":"max-video-preview:-1"},"canonical":"https:\/\/pgnasesorias.com\/asesorias-contables\/contacto\/","og_locale":"es_ES","og_type":"article","og_title":"Contacto - PGN Asesor&iacute;as","og_description":"CONTACTO Sientete libre\u00a0 de Contactarnos ESCRIBENOS C\u00f3mo te podemos ayudar LLAMANOS +57 322 9037 245 +57 310 4630 024 E-MAIL info@pgnasesorias.com Redes Sociales S\u00edguenos en nuestras [\u2026]","og_url":"https:\/\/pgnasesorias.com\/asesorias-contables\/contacto\/","og_site_name":"PGN Asesor&iacute;as","article_modified_time":"2022-01-24T17:47:38+00:00","twitter_card":"summary_large_image","twitter_misc":{"Tiempo de lectura":"1 minuto"},"schema":{"@context":"https:\/\/schema.org","@graph":[{"@type":"WebPage","@id":"https:\/\/pgnasesorias.com\/asesorias-contables\/contacto\/","url":"https:\/\/pgnasesorias.com\/asesorias-contables\/contacto\/","name":"Contacto - PGN Asesor&iacute;as","isPartOf":{"@id":"https:\/\/pgnasesorias.com\/asesorias-contables\/#website"},"datePublished":"2020-06-25T13:11:59+00:00","dateModified":"2022-01-24T17:47:38+00:00","breadcrumb":{"@id":"https:\/\/pgnasesorias.com\/asesorias-contables\/contacto\/#breadcrumb"},"inLanguage":"es","potentialAction":[{"@type":"ReadAction","target":["https:\/\/pgnasesorias.com\/asesorias-contables\/contacto\/"]}]},{"@type":"BreadcrumbList","@id":"https:\/\/pgnasesorias.com\/asesorias-contables\/contacto\/#breadcrumb","itemListElement":[{"@type":"ListItem","position":1,"name":"Portada","item":"https:\/\/pgnasesorias.com\/asesorias-contables\/"},{"@type":"ListItem","position":2,"name":"Contacto"}]},{"@type":"WebSite","@id":"https:\/\/pgnasesorias.com\/asesorias-contables\/#website","url":"https:\/\/pgnasesorias.com\/asesorias-contables\/","name":"PGN Asesor&iacute;as","description":"Contable - Tributaria - Financiera","publisher":{"@id":"https:\/\/pgnasesorias.com\/asesorias-contables\/#organization"},"potentialAction":[{"@type":"SearchAction","target":{"@type":"EntryPoint","urlTemplate":"https:\/\/pgnasesorias.com\/asesorias-contables\/?s={search_term_string}"},"query-input":{"@type":"PropertyValueSpecification","valueRequired":true,"valueName":"search_term_string"}}],"inLanguage":"es"},{"@type":["Organization","Place"],"@id":"https:\/\/pgnasesorias.com\/asesorias-contables\/#organization","name":"PGN Asesor&iacute;as","url":"https:\/\/pgnasesorias.com\/asesorias-contables\/","logo":{"@type":"ImageObject","inLanguage":"es","@id":"https:\/\/pgnasesorias.com\/asesorias-contables\/#\/schema\/logo\/image\/","url":"https:\/\/pgnasesorias.com\/asesorias-contables\/wp-content\/uploads\/2020\/09\/cropped-logo.png","contentUrl":"https:\/\/pgnasesorias.com\/asesorias-contables\/wp-content\/uploads\/2020\/09\/cropped-logo.png","width":627,"height":480,"caption":"PGN Asesor&iacute;as"},"image":{"@id":"https:\/\/pgnasesorias.com\/asesorias-contables\/#\/schema\/logo\/image\/"},"location":{"@id":"https:\/\/pgnasesorias.com\/asesorias-contables\/contacto\/#local-place"},"address":{"@id":"https:\/\/pgnasesorias.com\/asesorias-contables\/contacto\/#local-place-address"}},{"@type":"Place","@id":"https:\/\/pgnasesorias.com\/asesorias-contables\/contacto\/#local-place","address":{"@type":"PostalAddress","@id":"https:\/\/pgnasesorias.com\/asesorias-contables\/contacto\/#local-place-address","streetAddress":"","addressLocality":"","postalCode":"","addressRegion":"","addressCountry":""},"geo":{"@type":"GeoCoordinates","latitude":"","longitude":""},"openingHoursSpecification":[{"@type":"OpeningHoursSpecification","dayOfWeek":["Monday","Tuesday","Wednesday","Thursday","Friday","Saturday","Sunday"],"opens":"09:00","closes":"17:00"}]}]}},"_links":{"self":[{"href":"https:\/\/pgnasesorias.com\/asesorias-contables\/wp-json\/wp\/v2\/pages\/14","targetHints":{"allow":["GET"]}}],"collection":[{"href":"https:\/\/pgnasesorias.com\/asesorias-contables\/wp-json\/wp\/v2\/pages"}],"about":[{"href":"https:\/\/pgnasesorias.com\/asesorias-contables\/wp-json\/wp\/v2\/types\/page"}],"author":[{"embeddable":true,"href":"https:\/\/pgnasesorias.com\/asesorias-contables\/wp-json\/wp\/v2\/users\/2"}],"replies":[{"embeddable":true,"href":"https:\/\/pgnasesorias.com\/asesorias-contables\/wp-json\/wp\/v2\/comments?post=14"}],"version-history":[{"count":11,"href":"https:\/\/pgnasesorias.com\/asesorias-contables\/wp-json\/wp\/v2\/pages\/14\/revisions"}],"predecessor-version":[{"id":837,"href":"https:\/\/pgnasesorias.com\/asesorias-contables\/wp-json\/wp\/v2\/pages\/14\/revisions\/837"}],"wp:attachment":[{"href":"https:\/\/pgnasesorias.com\/asesorias-contables\/wp-json\/wp\/v2\/media?parent=14"}],"curies":[{"name":"wp","href":"https:\/\/api.w.org\/{rel}","templated":true}]}}